{"id":9,"date":"2013-08-20T20:35:09","date_gmt":"2013-08-20T20:35:09","guid":{"rendered":"http:\/\/markus-jen-news.com\/?page_id=9"},"modified":"2020-04-02T12:34:01","modified_gmt":"2020-04-02T19:34:01","slug":"ywam","status":"publish","type":"page","link":"https:\/\/markus-jen-news.com\/de\/about\/ywam\/","title":{"rendered":"Geschichte JMEM"},"content":{"rendered":"<p>Geschichte<\/p>\n<p>Jugend mit einer Mission wurde von Loren Cunningham gegr\u00fcndet. Als er 1956 als 20 j\u00e4hriger Student der Assemblies of God Universit\u00e4t auf den Bahamas unterwegs war, gab Ihm Gott eine Vision von Wellen die auf der Erde auslaufen. Als er es n\u00e4her betrachtet wurden die Wellen zu Jugendlichen die Nachricht von Jesus in alle Nationen der Welt\u00a0 tragen. Er sah eine Bewegung welches junge Menschen nach der Highschool aussendet um einen tieferen Sinn in Ihrem Leben zu finden bevor sie an die Universit\u00e4t gingen.<\/p>\n<p>Ende 1960 wurde der Name &#8222;Jugend mit einer Mission ausgew\u00e4hlt, und die kleine Gruppe plante Ihr erstes Projekt, eine Ferien Mission Reise. Das Ergebnis war, dass JMEM zwei junge M\u00e4nner in Ihren fr\u00fchen zwanzigern aussendete, um nach Lybien zu gehen, um dort eine Strasse durch den Dschungel zu bauen Zu einem Camp mit Lebra kranken. Dies war die erste offizielle Mission Reise von YWAM.<\/p>\n<p>Loren Cunningham heiratete Darlene Scratch 1963. Zu diesem Zeitpunkt hatte die neue Mission 20 Freiwillige in verschiedenen L\u00e4ndern stationiert, und die Cunninghams planten den ersten &#8222;Summer of Service&#8220;. Sp\u00e4ter in diesem Jahr wurden JMEM Teams nach Westindien, Samoa, Hawaii, Mexiko und Mittelamerika geschickt. Bis 1966 gab es 10 Vollzeit-Mitarbeiter, einschlie\u00dflich der Cunninghams und Hunderte von\u00a0 Freiwilligen \u00fcber den Sommer. In diesem Jahr JMEM startete auch auch in Neuseeland und Tonga.<\/p>\n<p>Im Jahr 1967 begann Loren an seine Vision f\u00fcr die erste Schule zu arbeiten. Es war die Schule f\u00fcr Evangelisation in der Schweiz, die mit 36 Studenten von Dezember 1969 bis Mitte 1970 abgehalten wurde.Der Unterricht erfolgte in einem neu renovierten und geleaste Hotel in Lausanne was auch als unterkunft diente. Ende des Jahres kaufte JMEM Lausanne das Hotel und startete seinen ersten st\u00e4ndigen Standort.<\/p>\n<p>Die Schule f\u00fcr Evangelisation wurde 1974 in New Jersey und Lausanne gegr\u00fcndet. Mit dem Schwerpunkt\u00a0 biblischer Grundlagen als\u00a0 auch Charakter-Entwicklung und Mission. Ein Gro\u00dfteil dieses Schulungsmaterials wird in der J\u00fcngerschaftsschule (DTS) vermittelt. Ein Format welches aus drei Monate Schulungen besteht und einem anschlie\u00dfenden 3 monatigen Auslandseinsatz um das gelernte umzusetzen.<\/p>\n<p>1970 hatte JMEM insgesamt 40 Vollzeit-Mitarbeiter. In diesem Jahr fuhre 1000 freiwillige JMEM Mitarbeiter nach M\u00fcnchen, Deutschland, um dort einen Einsatz bei den oplympischen Spielen zu machen. Dies war der erste von vielen JMEMEins\u00e4tzen bei olympischen Spielen.<\/p>\n<p>Das Magazin der University of the Nations berichtete, dass Cunningham Wissenschaftler und Professor Howard V. Malmstadt 1974 auf einer Konferenz traf. Sie fingen zusammen an Schulungs Seminare zu geben und Loren fragte Malmstadt um die Erweiterung des Ausbildungs Teil der Mission. Im Jahre 1977 kaufte JMEM das Pacific Empress Hotel in Kona, Hawaii und begann mit Renovierungsarbeiten, um es in den Campus f\u00fcr das, was urspr\u00fcnglich Asien-Pazifik-Christian University gennant war, der Vorl\u00e4ufer der Universit\u00e4t der Nationen, zu verwandeln. Im Jahre 1978 begann JMEM \u201eShining Lights\u201c, eine Arbeit die aktiv auf Prostituierte in Amsterdam zugeht und Ihnen hilft.<\/p>\n<p>1979 wurde dann JMEM&#8217;s Mercy Ships Arbeit gestartet mit der Inbetriebnahme des Schiffes &#8222;Anastasis&#8220; (das griechische Wort f\u00fcr Auferstehung, ins Leben gerufen).<\/p>\n<p>Ende der 80er Jahre \u00e4nderte JMEM den Namen der Universit\u00e4t, in University of the Nations (U of N). Das Konzept einer JMEM Universit\u00e4t, die Trainingsprogramme an Hunderten von JMEM Standorte haben w\u00fcrde, war von Cunningham und Malmstadt entwickelt. Als das kommunistischen Regime in Osteuropa\u00a0 in den fr\u00fchen 1990er Jahren anfing zusammenzubrechen, began Jugend mit einer Mission mit Eins\u00e4tzen in diesen L\u00e4ndern, darunter Albanien. Ein weiteres Projekt in diesem Jahrzehnt war eine Schule f\u00fcr Behinderte in der Mongolei.<\/p>\n<p>Im Jahr 2000 hatte JMEM \u00fcber 11.000 Mitarbeiter aus \u00fcber 130 L\u00e4ndern und diese waren zu 50 Prozent\u00a0 aus der nicht westlichen Welt. Wegen dieser Vielf\u00e4ltigkeit wurde im Jahr 1999 der Neuseel\u00e4nder Frank NAEA, der von Samoa-und Maori stammt, als der erste nicht-wei\u00dfen Pr\u00e4sidente im Jahr 2000 gew\u00e4hlt als Nachfolger von Jim Stier, welcher weiterhin als internationaler Leiter der Evangelisation und neuer Missionen als auch Direktor f\u00fcr Brasilien agierte. Im Jahr 2000 entwickelte JMEM eine neue Rolle des Executive Chairman welche die Pr\u00e4sidentschaft in einem Drei Jahres Rhytmus wechselt. Jim Stier war der erste in dieser Rolle. 2006 trat YWAM dem interationalen Orality Netzwerk (ION) bei, eine Multi-Agentur f\u00fcr \u00d6ffentlichkeitsarbeit, die Menschen die nicht lesen k\u00f6nnen mit dem Evangelium erreicht durch Sprache und Drama.<\/p>\n<p>Dieses sind nur einige Ausschnitte aus der Geschichte von YWAM. Eine vollst\u00e4ndigere Geschichte gibt es in dem Buch\u00a0<a href=\"http:\/\/www.amazon.de\/Bist-Du-Herr-Loren-Cunningham\/dp\/3931822567\/ref=sr_1_4?ie=UTF8&amp;qid=1384208888&amp;sr=8-4&amp;keywords=bist+du+es+herr\">Bist du es Herr?<\/a><\/p>","protected":false},"excerpt":{"rendered":"<p>Geschichte Jugend mit einer Mission wurde von Loren Cunningham gegr\u00fcndet. Als er 1956 als 20 j\u00e4hriger Student der Assemblies of God Universit\u00e4t auf den Bahamas unterwegs war, gab Ihm Gott eine Vision von Wellen die auf der Erde auslaufen. Als er es n\u00e4her betrachtet wurden die Wellen zu Jugendlichen die Nachricht von Jesus in alle [&hellip;]<\/p>\n","protected":false},"author":1,"featured_media":0,"parent":11,"menu_order":0,"comment_status":"open","ping_status":"open","template":"page-templates\/full-width.php","meta":{"footnotes":""},"class_list":["post-9","page","type-page","status-publish","hentry"],"jetpack_shortlink":"https:\/\/wp.me\/P4fzcn-9","jetpack_sharing_enabled":true,"jetpack_likes_enabled":false,"_links":{"self":[{"href":"https:\/\/markus-jen-news.com\/de\/wp-json\/wp\/v2\/pages\/9","targetHints":{"allow":["GET"]}}],"collection":[{"href":"https:\/\/markus-jen-news.com\/de\/wp-json\/wp\/v2\/pages"}],"about":[{"href":"https:\/\/markus-jen-news.com\/de\/wp-json\/wp\/v2\/types\/page"}],"author":[{"embeddable":true,"href":"https:\/\/markus-jen-news.com\/de\/wp-json\/wp\/v2\/users\/1"}],"replies":[{"embeddable":true,"href":"https:\/\/markus-jen-news.com\/de\/wp-json\/wp\/v2\/comments?post=9"}],"version-history":[{"count":8,"href":"https:\/\/markus-jen-news.com\/de\/wp-json\/wp\/v2\/pages\/9\/revisions"}],"predecessor-version":[{"id":3306,"href":"https:\/\/markus-jen-news.com\/de\/wp-json\/wp\/v2\/pages\/9\/revisions\/3306"}],"up":[{"embeddable":true,"href":"https:\/\/markus-jen-news.com\/de\/wp-json\/wp\/v2\/pages\/11"}],"wp:attachment":[{"href":"https:\/\/markus-jen-news.com\/de\/wp-json\/wp\/v2\/media?parent=9"}],"curies":[{"name":"wp","href":"https:\/\/api.w.org\/{rel}","templated":true}]}}