{"id":67,"date":"2013-08-20T22:33:19","date_gmt":"2013-08-20T22:33:19","guid":{"rendered":"http:\/\/markus-jen-news.com\/?page_id=67"},"modified":"2026-03-13T14:33:32","modified_gmt":"2026-03-13T21:33:32","slug":"support","status":"publish","type":"page","link":"https:\/\/markus-jen-news.com\/de\/support\/","title":{"rendered":"Werde ein Partner in der Arbeit"},"content":{"rendered":"<p><\/p>\n<h2><strong>Vielen Dank f\u00fcr Dein Interesse an einer Partnerschaft mit uns in dieser Arbeit! <\/strong><\/h2>\n<p><strong>Es gibt 3 M\u00f6glichkeiten, wie du uns unterst\u00fctzen kannst:<\/strong><\/p>\n<ol>\n<li><strong>Trete unserem Gebetsteam bei:<\/strong>\u00a0Wir senden w\u00f6chentliche Updates, wie du mit uns und f\u00fcr uns beten kannst. Um beizutreten, sende einfach eine E-Mail an Jen.haeusser1977@gmail.com.<\/li>\n<li><strong>Beginne deine eigenen Nachbarn zu lieben:<\/strong>\u00a0Wir stellen w\u00f6chentliche Tipps zur Verf\u00fcgung, wie du das tun kannst, auf <a href=\"https:\/\/www.instagram.com\/loveyourneighborsf\/\">Instagram: @Loveyourneighborsf<\/a> oder <a href=\"https:\/\/www.facebook.com\/profile.php?id=100069882588074\">Facebook @l-y-n<\/a> . Wir bieten auch Workshops und Kurse an, um mehr dar\u00fcber zu lernen, wie man anf\u00e4ngt. Lade uns ein, einen Workshop mit deinem Hauskreis oder deiner Gemeinde zu veranstalten, oder nehme an an einem Zoom-Workshop teil (schreibe uns einfach eine E-Mail f\u00fcr die Termine).<\/li>\n<li><strong>Unterst\u00fctze uns finanziell:<\/strong>\u00a0San Francisco ist zusammen mit Manhattan die teuerste Stadt des Landes, um dort zu leben. Wir glauben jedoch, dass Gott uns dazu berufen hat, Gemeinschaft in dieser Stadt aufzubauen. Die Lebenshaltungskosten steigen jedes Jahr durch Mieterh\u00f6hungen, steigende Gesundheitsversicherungsbeitr\u00e4ge und die allgemeine Inflation. Wir m\u00f6chten Dir die M\u00f6glichkeit anbieten, Teil unseres finanziellen Unterst\u00fctzungsteams zu werden! So kannst du dies tun:<\/li>\n<\/ol>\n<p>Die Unterst\u00fctzung l\u00e4uft \u00fcber Go Global EV welche Dir dann auch im Folgejahr eine Spendenbescheinigung zukommen lassen.<\/p>\n<p>Hier die Bankverbindung f\u00fcr Spenden:<\/p>\n<p><u>Empf\u00e4nger<\/u>:\u00a0\u00a0\u00a0\u00a0\u00a0\u00a0\u00a0\u00a0\u00a0\u00a0\u00a0\u00a0\u00a0\u00a0\u00a0\u00a0\u00a0\u00a0\u00a0\u00a0\u00a0\u00a0\u00a0\u00a0\u00a0\u00a0\u00a0GoGlobal e.V.<br \/>\n<u>Kreditinstitut<\/u>:\u00a0\u00a0\u00a0\u00a0\u00a0\u00a0\u00a0\u00a0\u00a0\u00a0\u00a0\u00a0\u00a0\u00a0\u00a0\u00a0\u00a0\u00a0\u00a0\u00a0\u00a0\u00a0\u00a0Volksbank Mittweida eG<br \/>\n<u>IBAN:<\/u>\u00a0\u00a0\u00a0\u00a0\u00a0\u00a0\u00a0\u00a0\u00a0\u00a0\u00a0\u00a0\u00a0\u00a0\u00a0\u00a0\u00a0\u00a0\u00a0\u00a0\u00a0\u00a0\u00a0\u00a0\u00a0\u00a0\u00a0\u00a0\u00a0\u00a0\u00a0\u00a0\u00a0\u00a0\u00a0\u00a0\u00a0 DE64 8709 6124 0197 2027 18<br \/>\n<u>BIC:<\/u>\u00a0\u00a0\u00a0\u00a0\u00a0\u00a0\u00a0\u00a0\u00a0\u00a0\u00a0\u00a0\u00a0\u00a0\u00a0\u00a0\u00a0\u00a0\u00a0\u00a0\u00a0\u00a0\u00a0\u00a0\u00a0\u00a0\u00a0\u00a0\u00a0\u00a0\u00a0\u00a0\u00a0\u00a0\u00a0\u00a0\u00a0\u00a0\u00a0\u00a0 GENODEF1MIW<br \/>\n<u>Vermerk<\/u>:\u00a0\u00a0\u00a0\u00a0\u00a0\u00a0\u00a0\u00a0\u00a0\u00a0\u00a0\u00a0\u00a0\u00a0\u00a0\u00a0\u00a0\u00a0\u00a0\u00a0\u00a0\u00a0\u00a0\u00a0\u00a0\u00a0\u00a0\u00a0\u00a0\u00a0\u00a0Projekt\u00a0\u00a01158 \u00a0+ Name des Auftraggebers\/ Spenders<\/p>\n<p>Es ist sehr w i c h t i g\u00a0\u00a0dass Du unter Verwendungszweck Projekt\u00a0\u00a01158 \u00a0+\u00a0 deinen Namen\u00a0 angibst, da die Spenden sonst nicht an uns weitergeleitet werden.<br \/>\nAuch sehr w i c h t i g:\u00a0 Damit Du deine Spendenbescheinigung f\u00fcr das Jahr geschickt bekommst f\u00fclle dieses Formular unter diesem Link aus so das Go Global Deine Kontakt Adresse hat. <a href=\"https:\/\/forms.office.com\/e\/G7YF8HgYuv\">https:\/\/forms.office.com\/e\/G7YF8HgYuv<\/a><\/p>\n<p>Du kannst in einer, zwei oder allen dieser M\u00f6glichkeiten mit uns zusammenarbeiten. Bete dar\u00fcber!<\/p>\n<p>Vielen Dank, dass du mit uns zusammenarbeitest, um San Francisco mit einem liebenden Gott in Verbindung zu bringen!<\/p>\n<p>Markus, Jen und Caleb<\/p>","protected":false},"excerpt":{"rendered":"<p>Vielen Dank f\u00fcr Dein Interesse an einer Partnerschaft mit uns in dieser Arbeit! Es gibt 3 M\u00f6glichkeiten, wie du uns unterst\u00fctzen kannst: Trete unserem Gebetsteam bei:\u00a0Wir senden w\u00f6chentliche Updates, wie du mit uns und f\u00fcr uns beten kannst. Um beizutreten, sende einfach eine E-Mail an Jen.haeusser1977@gmail.com. Beginne deine eigenen Nachbarn zu lieben:\u00a0Wir stellen w\u00f6chentliche Tipps [&hellip;]<\/p>\n","protected":false},"author":1,"featured_media":0,"parent":0,"menu_order":0,"comment_status":"open","ping_status":"open","template":"page-templates\/full-width.php","meta":{"footnotes":""},"class_list":["post-67","page","type-page","status-publish","hentry"],"jetpack_shortlink":"https:\/\/wp.me\/P4fzcn-15","jetpack_sharing_enabled":true,"jetpack_likes_enabled":false,"_links":{"self":[{"href":"https:\/\/markus-jen-news.com\/de\/wp-json\/wp\/v2\/pages\/67","targetHints":{"allow":["GET"]}}],"collection":[{"href":"https:\/\/markus-jen-news.com\/de\/wp-json\/wp\/v2\/pages"}],"about":[{"href":"https:\/\/markus-jen-news.com\/de\/wp-json\/wp\/v2\/types\/page"}],"author":[{"embeddable":true,"href":"https:\/\/markus-jen-news.com\/de\/wp-json\/wp\/v2\/users\/1"}],"replies":[{"embeddable":true,"href":"https:\/\/markus-jen-news.com\/de\/wp-json\/wp\/v2\/comments?post=67"}],"version-history":[{"count":57,"href":"https:\/\/markus-jen-news.com\/de\/wp-json\/wp\/v2\/pages\/67\/revisions"}],"predecessor-version":[{"id":6135,"href":"https:\/\/markus-jen-news.com\/de\/wp-json\/wp\/v2\/pages\/67\/revisions\/6135"}],"wp:attachment":[{"href":"https:\/\/markus-jen-news.com\/de\/wp-json\/wp\/v2\/media?parent=67"}],"curies":[{"name":"wp","href":"https:\/\/api.w.org\/{rel}","templated":true}]}}