{"id":16,"date":"2013-08-20T20:37:53","date_gmt":"2013-08-20T20:37:53","guid":{"rendered":"http:\/\/markus-jen-news.com\/?page_id=16"},"modified":"2020-11-19T14:23:15","modified_gmt":"2020-11-19T22:23:15","slug":"jen","status":"publish","type":"page","link":"https:\/\/markus-jen-news.com\/de\/about\/jen\/","title":{"rendered":"German German"},"content":{"rendered":"<p><img loading=\"lazy\" decoding=\"async\" class=\"alignright wp-image-4138 size-full\" src=\"http:\/\/markus-jen-news.com\/wp-content\/uploads\/2020\/11\/Jen-and-Markus-2020-13-e1605824524172.jpg\" alt=\"\" width=\"211\" height=\"511\" srcset=\"https:\/\/markus-jen-news.com\/wp-content\/uploads\/2020\/11\/Jen-and-Markus-2020-13-e1605824524172.jpg 211w, https:\/\/markus-jen-news.com\/wp-content\/uploads\/2020\/11\/Jen-and-Markus-2020-13-e1605824524172-124x300.jpg 124w\" sizes=\"auto, (max-width: 211px) 100vw, 211px\" \/><\/p>\n<p>Ich bin in Lancaster Pennsylvania aufgewachsen. Mein Vater war Amisch und meine Mutter Mennonitin. Beide haben diese Gemeinden verlassen und sich letztendlich in einer charismatischen Gemeinde getroffen. Ich bin meinen Eltern sehr dankbar, dass sie mir in so jungen Jahren den Wunsch Gott n\u00e4her kennenzulernen und andere Nationen zu erreichen, nahegelegt haben. Im Alter von f\u00fcnf Jahren habe ich mich im Kindergottesdienst f\u00fcr Jesus entschieden.<\/p>\n<p>In diesem jungen Alter hatte ich eine lebendige Beziehung mit Gott, doch w\u00e4hrend meiner Pubert\u00e4t wurden manche Gef\u00fchle desillusioniert. Eines der Dinge, die mich auf diese Abw\u00e4rtsspirale gebracht haben, war sicherlich die Scheidung meiner Eltern. Ich war auf meine Eltern und auf Gott sehr w\u00fctend, fiel in eine tiefe Depression und hatte Selbstmordgedanken. Trotz allem hielt ich an meinem christlichen Glauben fest, aber ich hatte nicht die beste Beziehung zu Gott. Am Ende schloss ich meine Schule ab, machte eine Ausbildung zur Kosmetikerin und arbeitete in einem Salon. Zu diesem Zeitpunkt war es mein Ziel eine erfolgreiche Gesch\u00e4ftsfrau zu sein und die Karriereleiter im Bereich Kosmetik hochzusteigen. Doch eines fr\u00fchen Morgens passierte die Trag\u00f6die. Meine Tante kam in meinen Salon und berichtete mir, dass mein Vater gestorben sei. Er hatte sich w\u00e4hrend der Arbeit am R\u00fccken verletzt und war gerade im Begriff sich davon zu erholen. Tats\u00e4chlich hat sich aber ein Blutgerinnsel in seinem Bein entwickelt, welches in seine Lunge gewandert ist und ihn sofort get\u00f6tet hat. Das n\u00e4chste Jahr war das schwerste meines Lebens. Dieser Verlust konfrontierte mich mit der Realit\u00e4t bez\u00fcglich der Frage wo ich in meinem Glauben stehe und welche Beziehung ich zu Gott tats\u00e4chlich habe. Ich entschied mich daf\u00fcr meinen Job zu k\u00fcndigen und ging f\u00fcr eine J\u00fcngerschaftsschule nach Mexiko. Das war der letzte Versuch die Beziehung zu Jesus aufrecht zu erhalten oder sie gegeben falls abzubrechen. Letztendlich war Gott w\u00e4hrend dieser Zeit ein gro\u00dfer Trost f\u00fcr mich und er half mir \u00fcber die schwere Zeit hinweg. Ich realisierte, dass Trag\u00f6dien Teil des Lebens sind, aber ich kann mir der G\u00fcte Gottes in mitten all dem Leid sicher sein.<\/p>\n<blockquote><p>Ich realisierte, dass Trag\u00f6dien Teil des Lebens sind, aber ich kann mir der G\u00fcte Gottes in mitten all dem Leid sicher sein.<\/p><\/blockquote>\n<p>Nach dieser Erfahrung entschied ich mich nochmals mein Leben in Jesu H\u00e4nde zu legen und begann mein Leben als eine Vollzeit-Missionarin. Dies geschah im Jahr 2000 und seit dieser Zeit konnte ich in 13 verschiedenen Nationen missionarisch t\u00e4tig sein. So half ich w\u00e4hrend meiner Zeit in YWAM bei der Durchf\u00fchrung eines christlichen Studentenhauses auf dem Campus der Universit\u00e4t Wisconsin, war Mitarbeiter verschiedener Bibelschulen, arbeitete mit Obdachlosen, Fl\u00fcchtlingen, Risikokindern und vernachl\u00e4ssigten Frauen.<\/p>\n<p>&nbsp;<\/p>\n<p><span style=\"line-height: 1.714285714; font-size: 1rem;\">\u00a0<\/span><\/p>","protected":false},"excerpt":{"rendered":"<p>Ich bin in Lancaster Pennsylvania aufgewachsen. Mein Vater war Amisch und meine Mutter Mennonitin. Beide haben diese Gemeinden verlassen und sich letztendlich in einer charismatischen Gemeinde getroffen. Ich bin meinen Eltern sehr dankbar, dass sie mir in so jungen Jahren den Wunsch Gott n\u00e4her kennenzulernen und andere Nationen zu erreichen, nahegelegt haben. Im Alter von [&hellip;]<\/p>\n","protected":false},"author":1,"featured_media":0,"parent":11,"menu_order":0,"comment_status":"open","ping_status":"open","template":"page-templates\/full-width.php","meta":{"footnotes":""},"class_list":["post-16","page","type-page","status-publish","hentry"],"jetpack_shortlink":"https:\/\/wp.me\/P4fzcn-g","jetpack_sharing_enabled":true,"jetpack_likes_enabled":false,"_links":{"self":[{"href":"https:\/\/markus-jen-news.com\/de\/wp-json\/wp\/v2\/pages\/16","targetHints":{"allow":["GET"]}}],"collection":[{"href":"https:\/\/markus-jen-news.com\/de\/wp-json\/wp\/v2\/pages"}],"about":[{"href":"https:\/\/markus-jen-news.com\/de\/wp-json\/wp\/v2\/types\/page"}],"author":[{"embeddable":true,"href":"https:\/\/markus-jen-news.com\/de\/wp-json\/wp\/v2\/users\/1"}],"replies":[{"embeddable":true,"href":"https:\/\/markus-jen-news.com\/de\/wp-json\/wp\/v2\/comments?post=16"}],"version-history":[{"count":9,"href":"https:\/\/markus-jen-news.com\/de\/wp-json\/wp\/v2\/pages\/16\/revisions"}],"predecessor-version":[{"id":4141,"href":"https:\/\/markus-jen-news.com\/de\/wp-json\/wp\/v2\/pages\/16\/revisions\/4141"}],"up":[{"embeddable":true,"href":"https:\/\/markus-jen-news.com\/de\/wp-json\/wp\/v2\/pages\/11"}],"wp:attachment":[{"href":"https:\/\/markus-jen-news.com\/de\/wp-json\/wp\/v2\/media?parent=16"}],"curies":[{"name":"wp","href":"https:\/\/api.w.org\/{rel}","templated":true}]}}