{"id":11,"date":"2013-08-20T20:35:59","date_gmt":"2013-08-21T03:35:59","guid":{"rendered":"http:\/\/markus-jen-news.com\/?page_id=11"},"modified":"2025-10-22T10:32:41","modified_gmt":"2025-10-22T17:32:41","slug":"about","status":"publish","type":"page","link":"https:\/\/markus-jen-news.com\/de\/about\/","title":{"rendered":"\u00dcber uns"},"content":{"rendered":"<p><img loading=\"lazy\" decoding=\"async\" class=\"alignleft wp-image-4145 size-full\" src=\"http:\/\/markus-jen-news.com\/wp-content\/uploads\/2020\/11\/Markus-and-jen-who.jpg\" alt=\"\" width=\"1000\" height=\"550\" srcset=\"https:\/\/markus-jen-news.com\/wp-content\/uploads\/2020\/11\/Markus-and-jen-who.jpg 1000w, https:\/\/markus-jen-news.com\/wp-content\/uploads\/2020\/11\/Markus-and-jen-who-300x165.jpg 300w, https:\/\/markus-jen-news.com\/wp-content\/uploads\/2020\/11\/Markus-and-jen-who-768x422.jpg 768w, https:\/\/markus-jen-news.com\/wp-content\/uploads\/2020\/11\/Markus-and-jen-who-624x343.jpg 624w\" sizes=\"auto, (max-width: 1000px) 100vw, 1000px\" \/><\/p>\n<h2>Wer sind wir?<\/h2>\n<p>Wir sind Markus, Jen und Caleb, und unser Herz schl\u00e4gt daf\u00fcr, unsere Nachbarn und unsere Nachbarschaft zu lieben \u2013 und andere dazu zu inspirieren, dasselbe zu tun.<\/p>\n<p>Wir sind beide auf dem Land aufgewachsen, wo unsere Familien uns vorgelebt haben, was es bedeutet, seinen N\u00e4chsten zu lieben: Gastfreundschaft zu zeigen, Menschen in eine famili\u00e4re Atmosph\u00e4re und echte Freundschaft einzuladen und die Liebe Jesu im allt\u00e4glichen Miteinander zu teilen.<\/p>\n<p>Diese Art des Aufwachsens hat in uns eine tiefe Leidenschaft geweckt, dieselbe Liebe hier in San Francisco zu leben. Im Laufe der Jahre haben wir erlebt, wie wunderbare Gemeinschaften entstanden sind und Nachbarn zu echten Freunden wurden \u2013 sowohl mit uns als auch miteinander.<\/p>\n<p>Wir sind so begeistert davon, was Gott tut, dass wir angefangen haben, andere darin zu unterrichten, wie sie ihre Nachbarn lieben und Gemeinschaft dort aufbauen k\u00f6nnen, wo sie leben. Das tun wir durch Workshops und Kurse, in denen wir praktische Werkzeuge und Ermutigung weitergeben.<\/p>\n<p>Wenn du mehr erfahren m\u00f6chtest, schreib uns einfach eine E-Mail \u2013 wir informieren dich gerne dar\u00fcber, wann und wo der n\u00e4chste Workshop oder Kurs stattfinden wird.<\/p>\n<p>Lass dich von unseren Blogbeitr\u00e4gen und w\u00f6chentlichen \u201eLiebe deinen N\u00e4chsten\u201c-Tipps auf Facebook und Instagram inspirieren.<\/p>\n<p>Gottes Segen,<br \/>\n<em>Markus, Jen und Caleb<\/em><\/p>","protected":false},"excerpt":{"rendered":"<p>Wer sind wir? Wir sind Markus, Jen und Caleb, und unser Herz schl\u00e4gt daf\u00fcr, unsere Nachbarn und unsere Nachbarschaft zu lieben \u2013 und andere dazu zu inspirieren, dasselbe zu tun. Wir sind beide auf dem Land aufgewachsen, wo unsere Familien uns vorgelebt haben, was es bedeutet, seinen N\u00e4chsten zu lieben: Gastfreundschaft zu zeigen, Menschen in [&hellip;]<\/p>\n","protected":false},"author":1,"featured_media":0,"parent":0,"menu_order":0,"comment_status":"open","ping_status":"open","template":"page-templates\/full-width.php","meta":{"footnotes":""},"class_list":["post-11","page","type-page","status-publish","hentry"],"jetpack_shortlink":"https:\/\/wp.me\/P4fzcn-b","jetpack_sharing_enabled":true,"jetpack_likes_enabled":false,"_links":{"self":[{"href":"https:\/\/markus-jen-news.com\/de\/wp-json\/wp\/v2\/pages\/11","targetHints":{"allow":["GET"]}}],"collection":[{"href":"https:\/\/markus-jen-news.com\/de\/wp-json\/wp\/v2\/pages"}],"about":[{"href":"https:\/\/markus-jen-news.com\/de\/wp-json\/wp\/v2\/types\/page"}],"author":[{"embeddable":true,"href":"https:\/\/markus-jen-news.com\/de\/wp-json\/wp\/v2\/users\/1"}],"replies":[{"embeddable":true,"href":"https:\/\/markus-jen-news.com\/de\/wp-json\/wp\/v2\/comments?post=11"}],"version-history":[{"count":14,"href":"https:\/\/markus-jen-news.com\/de\/wp-json\/wp\/v2\/pages\/11\/revisions"}],"predecessor-version":[{"id":5923,"href":"https:\/\/markus-jen-news.com\/de\/wp-json\/wp\/v2\/pages\/11\/revisions\/5923"}],"wp:attachment":[{"href":"https:\/\/markus-jen-news.com\/de\/wp-json\/wp\/v2\/media?parent=11"}],"curies":[{"name":"wp","href":"https:\/\/api.w.org\/{rel}","templated":true}]}}